{"id":565,"date":"2024-02-09T10:51:12","date_gmt":"2024-02-09T10:51:12","guid":{"rendered":"https:\/\/startersites.io\/elementor\/smile-dent\/?page_id=565"},"modified":"2025-06-06T11:17:36","modified_gmt":"2025-06-06T09:17:36","slug":"accueil","status":"publish","type":"page","link":"https:\/\/club5-coaching.fr\/blog\/","title":{"rendered":"Accueil"},"content":{"rendered":"\t\t<div data-elementor-type=\"wp-page\" data-elementor-id=\"565\" class=\"elementor elementor-565\">\n\t\t\t\t<div class=\"elementor-element elementor-element-94880d6 e-flex e-con-boxed e-con e-parent\" data-id=\"94880d6\" data-element_type=\"container\">\n\t\t\t\t\t<div class=\"e-con-inner\">\n\t\t<div class=\"elementor-element elementor-element-22d4f45 e-flex e-con-boxed e-con e-child\" data-id=\"22d4f45\" data-element_type=\"container\" data-settings=\"{&quot;background_background&quot;:&quot;classic&quot;}\">\n\t\t\t\t\t<div class=\"e-con-inner\">\n\t\t<div class=\"elementor-element elementor-element-db8d53a e-con-full e-flex e-con e-child\" data-id=\"db8d53a\" data-element_type=\"container\">\n\t\t\t\t<div class=\"elementor-element elementor-element-e68bb67 elementor-widget elementor-widget-heading\" data-id=\"e68bb67\" data-element_type=\"widget\" data-widget_type=\"heading.default\">\n\t\t\t\t<div class=\"elementor-widget-container\">\n\t\t\t\t\t<h2 class=\"elementor-heading-title elementor-size-default\">Club5 Coaching - Blog\nVotre partenaire sport-sant\u00e9<\/h2>\t\t\t\t<\/div>\n\t\t\t\t<\/div>\n\t\t\t\t<div class=\"elementor-element elementor-element-0693237 elementor-widget elementor-widget-text-editor\" data-id=\"0693237\" data-element_type=\"widget\" data-widget_type=\"text-editor.default\">\n\t\t\t\t<div class=\"elementor-widget-container\">\n\t\t\t\t\t\t\t\t\t<p>Travailler avec un coach sportif peut acc\u00e9l\u00e9rer vos progr\u00e8s, am\u00e9liorer votre forme physique globale et vous aider \u00e0 adopter des habitudes de vie saines \u00e0 long terme.<\/p>\t\t\t\t\t\t\t\t<\/div>\n\t\t\t\t<\/div>\n\t\t\t\t<\/div>\n\t\t\t\t\t<\/div>\n\t\t\t\t<\/div>\n\t\t\t\t\t<\/div>\n\t\t\t\t<\/div>\n\t\t<div class=\"elementor-element elementor-element-7e1f522 e-flex e-con-boxed e-con e-parent\" data-id=\"7e1f522\" data-element_type=\"container\">\n\t\t\t\t\t<div class=\"e-con-inner\">\n\t\t<div class=\"elementor-element elementor-element-eb02ce4 e-flex e-con-boxed e-con e-child\" data-id=\"eb02ce4\" data-element_type=\"container\" data-settings=\"{&quot;background_background&quot;:&quot;classic&quot;}\">\n\t\t\t\t\t<div class=\"e-con-inner\">\n\t\t\t\t<div class=\"elementor-element elementor-element-ffd76c9 elementor-widget elementor-widget-text-editor\" data-id=\"ffd76c9\" data-element_type=\"widget\" data-widget_type=\"text-editor.default\">\n\t\t\t\t<div class=\"elementor-widget-container\">\n\t\t\t\t\t\t\t\t\t<p>Des coachs formidables qui m&rsquo;ont permis de me remettre au sport apr\u00e8s une p\u00e9riode difficile avec des douleurs de dos et tendinites. Un grand merci \u00e0 Ma\u00e9ri, Adrien, Tom, Karl, Michael et j&rsquo;en oublie s\u00fbrement ! Ils ont tous \u00e9t\u00e9 d&rsquo;un grand professionnalisme et d&rsquo;une grande gentillesse !<\/p>\t\t\t\t\t\t\t\t<\/div>\n\t\t\t\t<\/div>\n\t\t\t\t<div class=\"elementor-element elementor-element-f24d543 elementor-widget__width-initial elementor-widget-tablet__width-inherit elementor-view-default elementor-widget elementor-widget-icon\" data-id=\"f24d543\" data-element_type=\"widget\" data-widget_type=\"icon.default\">\n\t\t\t\t<div class=\"elementor-widget-container\">\n\t\t\t\t\t\t\t<div class=\"elementor-icon-wrapper\">\n\t\t\t<div class=\"elementor-icon\">\n\t\t\t<svg aria-hidden=\"true\" class=\"e-font-icon-svg e-fas-quote-right\" viewBox=\"0 0 512 512\" xmlns=\"http:\/\/www.w3.org\/2000\/svg\"><path d=\"M464 32H336c-26.5 0-48 21.5-48 48v128c0 26.5 21.5 48 48 48h80v64c0 35.3-28.7 64-64 64h-8c-13.3 0-24 10.7-24 24v48c0 13.3 10.7 24 24 24h8c88.4 0 160-71.6 160-160V80c0-26.5-21.5-48-48-48zm-288 0H48C21.5 32 0 53.5 0 80v128c0 26.5 21.5 48 48 48h80v64c0 35.3-28.7 64-64 64h-8c-13.3 0-24 10.7-24 24v48c0 13.3 10.7 24 24 24h8c88.4 0 160-71.6 160-160V80c0-26.5-21.5-48-48-48z\"><\/path><\/svg>\t\t\t<\/div>\n\t\t<\/div>\n\t\t\t\t\t\t<\/div>\n\t\t\t\t<\/div>\n\t\t\t\t\t<\/div>\n\t\t\t\t<\/div>\n\t\t\t\t\t<\/div>\n\t\t\t\t<\/div>\n\t\t<div class=\"elementor-element elementor-element-162d044 e-flex e-con-boxed e-con e-parent\" data-id=\"162d044\" data-element_type=\"container\">\n\t\t\t\t\t<div class=\"e-con-inner\">\n\t\t<div class=\"elementor-element elementor-element-c3d5e38 e-con-full e-flex e-con e-child\" data-id=\"c3d5e38\" data-element_type=\"container\">\n\t\t\t\t<div class=\"elementor-element elementor-element-efc8c4c elementor-widget elementor-widget-heading\" data-id=\"efc8c4c\" data-element_type=\"widget\" data-widget_type=\"heading.default\">\n\t\t\t\t<div class=\"elementor-widget-container\">\n\t\t\t\t\t<h2 class=\"elementor-heading-title elementor-size-default\">Coaching o\u00f9 vous voulez<\/h2>\t\t\t\t<\/div>\n\t\t\t\t<\/div>\n\t\t\t\t<div class=\"elementor-element elementor-element-aec40f1 elementor-widget elementor-widget-text-editor\" data-id=\"aec40f1\" data-element_type=\"widget\" data-widget_type=\"text-editor.default\">\n\t\t\t\t<div class=\"elementor-widget-container\">\n\t\t\t\t\t\t\t\t\t<p>Nos s\u00e9ances s&rsquo;adaptent \u00e0 votre emploi du temps et votre mode de vie : au Club, en ext\u00e9rieur, \u00e0 domicile ou dans vos locaux professionnels.<\/p>\t\t\t\t\t\t\t\t<\/div>\n\t\t\t\t<\/div>\n\t\t\t\t<\/div>\n\t\t<div class=\"elementor-element elementor-element-90f6fd2 e-con-full e-flex e-con e-child\" data-id=\"90f6fd2\" data-element_type=\"container\" data-settings=\"{&quot;background_background&quot;:&quot;classic&quot;}\">\n\t\t\t\t<\/div>\n\t\t\t\t\t<\/div>\n\t\t\t\t<\/div>\n\t\t\t\t<\/div>\n\t\t","protected":false},"excerpt":{"rendered":"<p>Club5 Coaching &#8211; Blog Votre partenaire sport-sant\u00e9 Travailler avec un coach sportif peut acc\u00e9l\u00e9rer vos progr\u00e8s, am\u00e9liorer votre forme physique globale et vous aider \u00e0 adopter des habitudes de vie saines \u00e0 long terme. Des coachs formidables qui m&rsquo;ont permis de me remettre au sport apr\u00e8s une p\u00e9riode difficile avec des douleurs de dos et [&hellip;]<\/p>\n","protected":false},"author":1,"featured_media":0,"parent":0,"menu_order":0,"comment_status":"closed","ping_status":"closed","template":"","meta":{"footnotes":""},"class_list":["post-565","page","type-page","status-publish","hentry"],"blocksy_meta":{"has_hero_section":"disabled","vertical_spacing_source":"custom","content_area_spacing":"none","styles_descriptor":{"styles":{"desktop":"","tablet":"","mobile":""},"google_fonts":[],"version":6}},"_links":{"self":[{"href":"https:\/\/club5-coaching.fr\/blog\/wp-json\/wp\/v2\/pages\/565","targetHints":{"allow":["GET"]}}],"collection":[{"href":"https:\/\/club5-coaching.fr\/blog\/wp-json\/wp\/v2\/pages"}],"about":[{"href":"https:\/\/club5-coaching.fr\/blog\/wp-json\/wp\/v2\/types\/page"}],"author":[{"embeddable":true,"href":"https:\/\/club5-coaching.fr\/blog\/wp-json\/wp\/v2\/users\/1"}],"replies":[{"embeddable":true,"href":"https:\/\/club5-coaching.fr\/blog\/wp-json\/wp\/v2\/comments?post=565"}],"version-history":[{"count":7,"href":"https:\/\/club5-coaching.fr\/blog\/wp-json\/wp\/v2\/pages\/565\/revisions"}],"predecessor-version":[{"id":1501,"href":"https:\/\/club5-coaching.fr\/blog\/wp-json\/wp\/v2\/pages\/565\/revisions\/1501"}],"wp:attachment":[{"href":"https:\/\/club5-coaching.fr\/blog\/wp-json\/wp\/v2\/media?parent=565"}],"curies":[{"name":"wp","href":"https:\/\/api.w.org\/{rel}","templated":true}]}}